{"id":1318,"date":"2022-11-07T15:09:15","date_gmt":"2022-11-07T15:09:15","guid":{"rendered":"https:\/\/enki-partner.com\/?page_id=1318"},"modified":"2022-11-07T16:49:20","modified_gmt":"2022-11-07T16:49:20","slug":"nos-expertises","status":"publish","type":"page","link":"https:\/\/enki-partner.com\/en\/nos-expertises\/","title":{"rendered":"Expertises"},"content":{"rendered":"<div data-elementor-type=\"wp-page\" data-elementor-id=\"1318\" class=\"elementor elementor-1318\" data-elementor-post-type=\"page\">\n\t\t\t\t\t\t<section class=\"elementor-section elementor-top-section elementor-element elementor-element-7ae4bb8 elementor-section-height-min-height elementor-section-items-top elementor-section-boxed elementor-section-height-default\" data-id=\"7ae4bb8\" data-element_type=\"section\" data-settings=\"{&quot;background_background&quot;:&quot;classic&quot;}\">\n\t\t\t\t\t\t\t<div class=\"elementor-background-overlay\"><\/div>\n\t\t\t\t\t\t\t<div class=\"elementor-container elementor-column-gap-default\">\n\t\t\t\t\t<div class=\"elementor-column elementor-col-100 elementor-top-column elementor-element elementor-element-f5ee47b\" data-id=\"f5ee47b\" data-element_type=\"column\">\n\t\t\t<div class=\"elementor-widget-wrap elementor-element-populated\">\n\t\t\t\t\t\t<section class=\"elementor-section elementor-inner-section elementor-element elementor-element-da0f42a elementor-section-boxed elementor-section-height-default elementor-section-height-default\" data-id=\"da0f42a\" data-element_type=\"section\">\n\t\t\t\t\t\t<div class=\"elementor-container elementor-column-gap-default\">\n\t\t\t\t\t<div class=\"elementor-column elementor-col-50 elementor-inner-column elementor-element elementor-element-568e34f\" data-id=\"568e34f\" data-element_type=\"column\">\n\t\t\t<div class=\"elementor-widget-wrap\">\n\t\t\t\t\t\t\t<\/div>\n\t\t<\/div>\n\t\t\t\t<div class=\"elementor-column elementor-col-50 elementor-inner-column elementor-element elementor-element-4a18b01\" data-id=\"4a18b01\" data-element_type=\"column\">\n\t\t\t<div class=\"elementor-widget-wrap elementor-element-populated\">\n\t\t\t\t\t\t<div class=\"elementor-element elementor-element-56d9675 elementor-icon-list--layout-inline elementor-align-right elementor-list-item-link-full_width elementor-widget elementor-widget-icon-list\" data-id=\"56d9675\" data-element_type=\"widget\" data-widget_type=\"icon-list.default\">\n\t\t\t\t<div class=\"elementor-widget-container\">\n\t\t\t\t\t<ul class=\"elementor-icon-list-items elementor-inline-items\">\n\t\t\t\t\t\t\t<li class=\"elementor-icon-list-item elementor-inline-item\">\n\t\t\t\t\t\t\t\t\t\t\t<span class=\"elementor-icon-list-icon\">\n\t\t\t\t\t\t\t<i aria-hidden=\"true\" class=\"fab fa-linkedin\"><\/i>\t\t\t\t\t\t<\/span>\n\t\t\t\t\t\t\t\t\t\t<span class=\"elementor-icon-list-text\"><\/span>\n\t\t\t\t\t\t\t\t\t<\/li>\n\t\t\t\t\t\t\t\t<li class=\"elementor-icon-list-item elementor-inline-item\">\n\t\t\t\t\t\t\t\t\t\t\t<span class=\"elementor-icon-list-icon\">\n\t\t\t\t\t\t\t<i aria-hidden=\"true\" class=\"fab fa-twitter\"><\/i>\t\t\t\t\t\t<\/span>\n\t\t\t\t\t\t\t\t\t\t<span class=\"elementor-icon-list-text\"><\/span>\n\t\t\t\t\t\t\t\t\t<\/li>\n\t\t\t\t\t\t\t\t<li class=\"elementor-icon-list-item elementor-inline-item\">\n\t\t\t\t\t\t\t\t\t\t\t<span class=\"elementor-icon-list-icon\">\n\t\t\t\t\t\t\t<i aria-hidden=\"true\" class=\"fab fa-facebook\"><\/i>\t\t\t\t\t\t<\/span>\n\t\t\t\t\t\t\t\t\t\t<span class=\"elementor-icon-list-text\"><\/span>\n\t\t\t\t\t\t\t\t\t<\/li>\n\t\t\t\t\t\t<\/ul>\n\t\t\t\t<\/div>\n\t\t\t\t<\/div>\n\t\t\t\t\t<\/div>\n\t\t<\/div>\n\t\t\t\t\t<\/div>\n\t\t<\/section>\n\t\t\t\t<section class=\"elementor-section elementor-inner-section elementor-element elementor-element-9ef28c6 elementor-section-boxed elementor-section-height-default elementor-section-height-default\" data-id=\"9ef28c6\" data-element_type=\"section\">\n\t\t\t\t\t\t<div class=\"elementor-container elementor-column-gap-no\">\n\t\t\t\t\t<div class=\"elementor-column elementor-col-100 elementor-inner-column elementor-element elementor-element-4db0a25\" data-id=\"4db0a25\" data-element_type=\"column\">\n\t\t\t<div class=\"elementor-widget-wrap elementor-element-populated\">\n\t\t\t\t\t\t<div class=\"elementor-element elementor-element-f3d7c04 elementor-widget elementor-widget-heading\" data-id=\"f3d7c04\" data-element_type=\"widget\" data-widget_type=\"heading.default\">\n\t\t\t\t<div class=\"elementor-widget-container\">\n\t\t\t<h1 class=\"elementor-heading-title elementor-size-large\">Expertises<\/h1>\t\t<\/div>\n\t\t\t\t<\/div>\n\t\t\t\t\t<\/div>\n\t\t<\/div>\n\t\t\t\t\t<\/div>\n\t\t<\/section>\n\t\t\t\t\t<\/div>\n\t\t<\/div>\n\t\t\t\t\t<\/div>\n\t\t<\/section>\n\t\t\t\t<section class=\"elementor-section elementor-top-section elementor-element elementor-element-44cfdde elementor-section-full_width elementor-section-height-default elementor-section-height-default\" data-id=\"44cfdde\" data-element_type=\"section\" data-settings=\"{&quot;background_background&quot;:&quot;classic&quot;}\">\n\t\t\t\t\t\t<div class=\"elementor-container elementor-column-gap-default\">\n\t\t\t\t\t<div class=\"elementor-column elementor-col-100 elementor-top-column elementor-element elementor-element-431eeb0\" data-id=\"431eeb0\" data-element_type=\"column\" data-settings=\"{&quot;background_background&quot;:&quot;classic&quot;}\">\n\t\t\t<div class=\"elementor-widget-wrap elementor-element-populated\">\n\t\t\t\t\t\t<div class=\"elementor-element elementor-element-78198e4 elementor-widget elementor-widget-text-editor\" data-id=\"78198e4\" data-element_type=\"widget\" data-widget_type=\"text-editor.default\">\n\t\t\t\t<div class=\"elementor-widget-container\">\n\t\t\t\t\t\t\t<p>Our law firm will provide you with competent support in all financial and tax matters. The technical skills of our experts, our commitment and our many years of experience in expertise and consulting enable us to support you in your daily work as well as in complex business management tasks.<\/p><p>Our partners are experts with interdisciplinary skills and extensive consulting experience. From tax consulting to financial consulting, accounting and auditing: we offer you comprehensive and individual support in all economic and tax matters.<\/p>\t\t\t\t\t\t<\/div>\n\t\t\t\t<\/div>\n\t\t\t\t<div class=\"elementor-element elementor-element-c48f8dd elementor-widget elementor-widget-accordion\" data-id=\"c48f8dd\" data-element_type=\"widget\" data-widget_type=\"accordion.default\">\n\t\t\t\t<div class=\"elementor-widget-container\">\n\t\t\t\t\t<div class=\"elementor-accordion\">\n\t\t\t\t\t\t\t<div class=\"elementor-accordion-item\">\n\t\t\t\t\t<div id=\"elementor-tab-title-2061\" class=\"elementor-tab-title\" data-tab=\"1\" role=\"button\" aria-controls=\"elementor-tab-content-2061\" aria-expanded=\"false\">\n\t\t\t\t\t\t\t\t\t\t\t\t\t<span class=\"elementor-accordion-icon elementor-accordion-icon-right\" aria-hidden=\"true\">\n\t\t\t\t\t\t\t\t\t\t\t\t\t\t\t<span class=\"elementor-accordion-icon-closed\"><i class=\"fas fa-chevron-down\"><\/i><\/span>\n\t\t\t\t\t\t\t\t<span class=\"elementor-accordion-icon-opened\"><i class=\"fas fa-chevron-up\"><\/i><\/span>\n\t\t\t\t\t\t\t\t\t\t\t\t\t\t<\/span>\n\t\t\t\t\t\t\t\t\t\t\t\t<a class=\"elementor-accordion-title\" tabindex=\"0\">1. Accompagnement<\/a>\n\t\t\t\t\t<\/div>\n\t\t\t\t\t<div id=\"elementor-tab-content-2061\" class=\"elementor-tab-content elementor-clearfix\" data-tab=\"1\" role=\"region\" aria-labelledby=\"elementor-tab-title-2061\"><p><img fetchpriority=\"high\" decoding=\"async\" class=\"alignnone wp-image-1369 size-full\" src=\"https:\/\/enki-partner.com\/wp-content\/uploads\/2022\/11\/enki-partner-accompagnement-comptable.jpg\" alt=\"\" width=\"950\" height=\"451\" srcset=\"https:\/\/enki-partner.com\/wp-content\/uploads\/2022\/11\/enki-partner-accompagnement-comptable.jpg 950w, https:\/\/enki-partner.com\/wp-content\/uploads\/2022\/11\/enki-partner-accompagnement-comptable-300x142.jpg 300w, https:\/\/enki-partner.com\/wp-content\/uploads\/2022\/11\/enki-partner-accompagnement-comptable-768x365.jpg 768w, https:\/\/enki-partner.com\/wp-content\/uploads\/2022\/11\/enki-partner-accompagnement-comptable-18x9.jpg 18w\" sizes=\"(max-width: 950px) 100vw, 950px\" \/><\/p><p>Le\u00a0<strong>Lorem Ipsum<\/strong>\u00a0est simplement du faux texte employ\u00e9 dans la composition et la mise en page avant impression. Le Lorem Ipsum est le faux texte standard de l&rsquo;imprimerie depuis les ann\u00e9es 1500, quand un imprimeur anonyme assembla ensemble des morceaux de texte pour r\u00e9aliser un livre sp\u00e9cimen de polices de texte. Il n&rsquo;a pas fait que survivre cinq si\u00e8cles, mais s&rsquo;est aussi adapt\u00e9 \u00e0 la bureautique informatique, sans que son contenu n&rsquo;en soit modifi\u00e9. Il a \u00e9t\u00e9 popularis\u00e9 dans les ann\u00e9es 1960 gr\u00e2ce \u00e0 la vente de feuilles Letraset contenant des passages du Lorem Ipsum, et, plus r\u00e9cemment, par son inclusion dans des applications de mise en page de texte, comme Aldus PageMaker.<\/p><p>Lorem ipsum dolor sit amet, consectetur adipiscing elit. Ut elit tellus, luctus nec ullamcorper mattis, pulvinar dapibus leo.<\/p><\/div>\n\t\t\t\t<\/div>\n\t\t\t\t\t\t\t\t<\/div>\n\t\t\t\t<\/div>\n\t\t\t\t<\/div>\n\t\t\t\t<div class=\"elementor-element elementor-element-4ae159d elementor-widget elementor-widget-accordion\" data-id=\"4ae159d\" data-element_type=\"widget\" data-widget_type=\"accordion.default\">\n\t\t\t\t<div class=\"elementor-widget-container\">\n\t\t\t\t\t<div class=\"elementor-accordion\">\n\t\t\t\t\t\t\t<div class=\"elementor-accordion-item\">\n\t\t\t\t\t<div id=\"elementor-tab-title-7851\" class=\"elementor-tab-title\" data-tab=\"1\" role=\"button\" aria-controls=\"elementor-tab-content-7851\" aria-expanded=\"false\">\n\t\t\t\t\t\t\t\t\t\t\t\t\t<span class=\"elementor-accordion-icon elementor-accordion-icon-right\" aria-hidden=\"true\">\n\t\t\t\t\t\t\t\t\t\t\t\t\t\t\t<span class=\"elementor-accordion-icon-closed\"><i class=\"fas fa-chevron-down\"><\/i><\/span>\n\t\t\t\t\t\t\t\t<span class=\"elementor-accordion-icon-opened\"><i class=\"fas fa-chevron-up\"><\/i><\/span>\n\t\t\t\t\t\t\t\t\t\t\t\t\t\t<\/span>\n\t\t\t\t\t\t\t\t\t\t\t\t<a class=\"elementor-accordion-title\" tabindex=\"0\">2- Expertise comptable<\/a>\n\t\t\t\t\t<\/div>\n\t\t\t\t\t<div id=\"elementor-tab-content-7851\" class=\"elementor-tab-content elementor-clearfix\" data-tab=\"1\" role=\"region\" aria-labelledby=\"elementor-tab-title-7851\"><p><img decoding=\"async\" class=\"alignnone wp-image-1371 size-full\" src=\"https:\/\/enki-partner.com\/wp-content\/uploads\/2022\/11\/enki-partner-expertise-comptable.jpg\" alt=\"\" width=\"950\" height=\"450\" srcset=\"https:\/\/enki-partner.com\/wp-content\/uploads\/2022\/11\/enki-partner-expertise-comptable.jpg 950w, https:\/\/enki-partner.com\/wp-content\/uploads\/2022\/11\/enki-partner-expertise-comptable-300x142.jpg 300w, https:\/\/enki-partner.com\/wp-content\/uploads\/2022\/11\/enki-partner-expertise-comptable-768x364.jpg 768w, https:\/\/enki-partner.com\/wp-content\/uploads\/2022\/11\/enki-partner-expertise-comptable-18x9.jpg 18w\" sizes=\"(max-width: 950px) 100vw, 950px\" \/><\/p><ul><li>Etablissement et examen d\u2019informations financi\u00e8res pr\u00e9visionnelles<\/li><li>Evaluation d\u2019entreprise<\/li><li>R\u00e9vision des comptes<\/li><li>Etats de suivi d\u2019activit\u00e9 et \u00e9tats reporting<\/li><li>Production de l\u2019information comptable et financi\u00e8re<\/li><li>Production des comptes consolid\u00e9s<\/li><li>Gestion des ressources humaines (paies, DSN\u2026)<\/li><li>Assistance au comit\u00e9 d\u2019entreprise dans le cadre d\u2019examen annuel des comptes de l\u2019entreprise<\/li><li>Analyses p\u00e9riodiques des r\u00e9sultats et contr\u00f4les budg\u00e9taires<\/li><\/ul><\/div>\n\t\t\t\t<\/div>\n\t\t\t\t\t\t\t\t<\/div>\n\t\t\t\t<\/div>\n\t\t\t\t<\/div>\n\t\t\t\t<div class=\"elementor-element elementor-element-ee0f1dd elementor-widget elementor-widget-accordion\" data-id=\"ee0f1dd\" data-element_type=\"widget\" data-widget_type=\"accordion.default\">\n\t\t\t\t<div class=\"elementor-widget-container\">\n\t\t\t\t\t<div class=\"elementor-accordion\">\n\t\t\t\t\t\t\t<div class=\"elementor-accordion-item\">\n\t\t\t\t\t<div id=\"elementor-tab-title-2491\" class=\"elementor-tab-title\" data-tab=\"1\" role=\"button\" aria-controls=\"elementor-tab-content-2491\" aria-expanded=\"false\">\n\t\t\t\t\t\t\t\t\t\t\t\t\t<span class=\"elementor-accordion-icon elementor-accordion-icon-right\" aria-hidden=\"true\">\n\t\t\t\t\t\t\t\t\t\t\t\t\t\t\t<span class=\"elementor-accordion-icon-closed\"><i class=\"fas fa-chevron-down\"><\/i><\/span>\n\t\t\t\t\t\t\t\t<span class=\"elementor-accordion-icon-opened\"><i class=\"fas fa-chevron-up\"><\/i><\/span>\n\t\t\t\t\t\t\t\t\t\t\t\t\t\t<\/span>\n\t\t\t\t\t\t\t\t\t\t\t\t<a class=\"elementor-accordion-title\" tabindex=\"0\">3- Commissaire aux comptes<\/a>\n\t\t\t\t\t<\/div>\n\t\t\t\t\t<div id=\"elementor-tab-content-2491\" class=\"elementor-tab-content elementor-clearfix\" data-tab=\"1\" role=\"region\" aria-labelledby=\"elementor-tab-title-2491\"><p><img decoding=\"async\" class=\"alignnone wp-image-1368 size-full\" src=\"https:\/\/enki-partner.com\/wp-content\/uploads\/2022\/11\/enki-partner-commissaire-compte.jpg\" alt=\"\" width=\"950\" height=\"470\" srcset=\"https:\/\/enki-partner.com\/wp-content\/uploads\/2022\/11\/enki-partner-commissaire-compte.jpg 950w, https:\/\/enki-partner.com\/wp-content\/uploads\/2022\/11\/enki-partner-commissaire-compte-300x148.jpg 300w, https:\/\/enki-partner.com\/wp-content\/uploads\/2022\/11\/enki-partner-commissaire-compte-768x380.jpg 768w, https:\/\/enki-partner.com\/wp-content\/uploads\/2022\/11\/enki-partner-commissaire-compte-18x9.jpg 18w\" sizes=\"(max-width: 950px) 100vw, 950px\" \/><\/p><ul><li>Commissariat aux comptes<\/li><li>Commissariat aux apports et \u00e0 la fusion<\/li><li>Commissariat \u00e0 la transformation des soci\u00e9t\u00e9s<\/li><li>Audit d\u2019acquisition, \u00ab due-diligence \u00bb<\/li><li>Programme anti-fraude<\/li><li>Data &amp; Analytics \u00e0 l\u2019aide d\u2019outils sp\u00e9cifiques : Audisoft et Idea<\/li><\/ul><\/div>\n\t\t\t\t<\/div>\n\t\t\t\t\t\t\t\t<\/div>\n\t\t\t\t<\/div>\n\t\t\t\t<\/div>\n\t\t\t\t<div class=\"elementor-element elementor-element-24f2ce7 elementor-widget elementor-widget-accordion\" data-id=\"24f2ce7\" data-element_type=\"widget\" data-widget_type=\"accordion.default\">\n\t\t\t\t<div class=\"elementor-widget-container\">\n\t\t\t\t\t<div class=\"elementor-accordion\">\n\t\t\t\t\t\t\t<div class=\"elementor-accordion-item\">\n\t\t\t\t\t<div id=\"elementor-tab-title-3871\" class=\"elementor-tab-title\" data-tab=\"1\" role=\"button\" aria-controls=\"elementor-tab-content-3871\" aria-expanded=\"false\">\n\t\t\t\t\t\t\t\t\t\t\t\t\t<span class=\"elementor-accordion-icon elementor-accordion-icon-right\" aria-hidden=\"true\">\n\t\t\t\t\t\t\t\t\t\t\t\t\t\t\t<span class=\"elementor-accordion-icon-closed\"><i class=\"fas fa-chevron-down\"><\/i><\/span>\n\t\t\t\t\t\t\t\t<span class=\"elementor-accordion-icon-opened\"><i class=\"fas fa-chevron-up\"><\/i><\/span>\n\t\t\t\t\t\t\t\t\t\t\t\t\t\t<\/span>\n\t\t\t\t\t\t\t\t\t\t\t\t<a class=\"elementor-accordion-title\" tabindex=\"0\">4- Consolidation comptable<\/a>\n\t\t\t\t\t<\/div>\n\t\t\t\t\t<div id=\"elementor-tab-content-3871\" class=\"elementor-tab-content elementor-clearfix\" data-tab=\"1\" role=\"region\" aria-labelledby=\"elementor-tab-title-3871\"><p><img loading=\"lazy\" decoding=\"async\" class=\"alignnone wp-image-1370 size-full\" src=\"https:\/\/enki-partner.com\/wp-content\/uploads\/2022\/11\/enki-partner-consolidation-comptable.jpg\" alt=\"\" width=\"950\" height=\"433\" srcset=\"https:\/\/enki-partner.com\/wp-content\/uploads\/2022\/11\/enki-partner-consolidation-comptable.jpg 950w, https:\/\/enki-partner.com\/wp-content\/uploads\/2022\/11\/enki-partner-consolidation-comptable-300x137.jpg 300w, https:\/\/enki-partner.com\/wp-content\/uploads\/2022\/11\/enki-partner-consolidation-comptable-768x350.jpg 768w, https:\/\/enki-partner.com\/wp-content\/uploads\/2022\/11\/enki-partner-consolidation-comptable-18x8.jpg 18w\" sizes=\"(max-width: 950px) 100vw, 950px\" \/><\/p><ul><li>Mise en place de syst\u00e8mes comptables<\/li><li>Reporting et consolidation pour les groupes internationaux de PME<\/li><\/ul><\/div>\n\t\t\t\t<\/div>\n\t\t\t\t\t\t\t\t<\/div>\n\t\t\t\t<\/div>\n\t\t\t\t<\/div>\n\t\t\t\t<div class=\"elementor-element elementor-element-793a109 elementor-widget elementor-widget-html\" data-id=\"793a109\" data-element_type=\"widget\" data-widget_type=\"html.default\">\n\t\t\t\t<div class=\"elementor-widget-container\">\n\t\t\t<script> \r\njQuery(document).ready(function($) { \r\nvar delay = 100; setTimeout(function() { \r\n$('.elementor-tab-title').removeClass('elementor-active');\r\n $('.elementor-tab-content').css('display', 'none'); }, delay); \r\n}); \r\n<\/script>\t\t<\/div>\n\t\t\t\t<\/div>\n\t\t\t\t<div class=\"elementor-element elementor-element-cc1ce61 elementor-widget elementor-widget-html\" data-id=\"cc1ce61\" data-element_type=\"widget\" data-widget_type=\"html.default\">\n\t\t\t\t<div class=\"elementor-widget-container\">\n\t\t\t<script>\r\nif(window.outerWidth < 425) {\r\n  alert('jQuery(document).ready(function($) {\r\nvar delay = 100; setTimeout(function() {\r\n$('.elementor-tab-title').removeClass('elementor-active');\r\n $('.elementor-tab-content').css('display', 'none'); }, delay);\r\n}); ');\r\n}\r\n<\/script>\t\t<\/div>\n\t\t\t\t<\/div>\n\t\t\t\t<div class=\"elementor-element elementor-element-959a600 elementor-widget elementor-widget-html\" data-id=\"959a600\" data-element_type=\"widget\" data-widget_type=\"html.default\">\n\t\t\t\t<div class=\"elementor-widget-container\">\n\t\t\t<script>\r\n\r\ndocument.addEventListener('DOMContentLoaded', function() {\r\nsetTimeout(function() {\r\n\r\njQuery(function($){\r\nlet accordiontitles = $('.elementor-accordion-item .elementor-tab-title');\r\n\r\nlet strings = ['?accompagnement',\r\n'?expertise-comptable',\r\n'?commissaire-compte',\r\n'?consolidation-comptable'\r\n];\r\n\r\nstrings.forEach( (string,i) => {\r\nif (window.location.href.indexOf(string) > -1) {\r\naccordiontitles.eq(i).click();\r\n$('html, body').animate({\r\nscrollTop: accordiontitles.eq(i).offset().top - 100\r\n},'slow');\r\n} } );\r\n}); }, 1200); });\r\n<\/script>\r\n\t\t<\/div>\n\t\t\t\t<\/div>\n\t\t\t\t<div class=\"elementor-element elementor-element-17db89d elementor-align-center elementor-widget elementor-widget-button\" data-id=\"17db89d\" data-element_type=\"widget\" data-widget_type=\"button.default\">\n\t\t\t\t<div class=\"elementor-widget-container\">\n\t\t\t\t\t<div class=\"elementor-button-wrapper\">\n\t\t\t<a class=\"elementor-button elementor-button-link elementor-size-md\" href=\"https:\/\/enki-partner.com\/en\/contact\/\">\n\t\t\t\t\t\t<span class=\"elementor-button-content-wrapper\">\n\t\t\t\t\t\t<span class=\"elementor-button-icon elementor-align-icon-right\">\n\t\t\t\t<i aria-hidden=\"true\" class=\"fas fa-chevron-right\"><\/i>\t\t\t<\/span>\n\t\t\t\t\t\t<span class=\"elementor-button-text\">Contactez-nous<\/span>\n\t\t<\/span>\n\t\t\t\t\t<\/a>\n\t\t<\/div>\n\t\t\t\t<\/div>\n\t\t\t\t<\/div>\n\t\t\t\t\t<\/div>\n\t\t<\/div>\n\t\t\t\t\t<\/div>\n\t\t<\/section>\n\t\t\t\t<\/div>","protected":false},"excerpt":{"rendered":"<p>Nos Expertises Notre cabinet vous encadre de mani\u00e8re comp\u00e9tente pour tout ce qui a trait aux questions financi\u00e8res et fiscales. Les comp\u00e9tences techniques de nos experts, notre engagement et notre longue exp\u00e9rience en mati\u00e8re d\u2019expertise et de conseil nous permettent de vous soutenir dans les t\u00e2ches quotidiennes ainsi que dans les t\u00e2ches complexes de gestion [&hellip;]<\/p>","protected":false},"author":1,"featured_media":0,"parent":0,"menu_order":0,"comment_status":"closed","ping_status":"closed","template":"elementor_header_footer","meta":{"site-sidebar-layout":"default","site-content-layout":"page-builder","ast-site-content-layout":"default","site-content-style":"default","site-sidebar-style":"default","ast-global-header-display":"","ast-banner-title-visibility":"","ast-main-header-display":"","ast-hfb-above-header-display":"","ast-hfb-below-header-display":"","ast-hfb-mobile-header-display":"","site-post-title":"","ast-breadcrumbs-content":"","ast-featured-img":"","footer-sml-layout":"","ast-disable-related-posts":"","theme-transparent-header-meta":"default","adv-header-id-meta":"","stick-header-meta":"","header-above-stick-meta":"","header-main-stick-meta":"","header-below-stick-meta":"","astra-migrate-meta-layouts":"default","ast-page-background-enabled":"default","ast-page-background-meta":{"desktop":{"background-color":"","background-image":"","background-repeat":"repeat","background-position":"center center","background-size":"auto","background-attachment":"scroll","background-type":"","background-media":"","overlay-type":"","overlay-color":"","overlay-opacity":"","overlay-gradient":""},"tablet":{"background-color":"","background-image":"","background-repeat":"repeat","background-position":"center center","background-size":"auto","background-attachment":"scroll","background-type":"","background-media":"","overlay-type":"","overlay-color":"","overlay-opacity":"","overlay-gradient":""},"mobile":{"background-color":"","background-image":"","background-repeat":"repeat","background-position":"center center","background-size":"auto","background-attachment":"scroll","background-type":"","background-media":"","overlay-type":"","overlay-color":"","overlay-opacity":"","overlay-gradient":""}},"ast-content-background-meta":{"desktop":{"background-color":"var(--ast-global-color-5)","background-image":"","background-repeat":"repeat","background-position":"center center","background-size":"auto","background-attachment":"scroll","background-type":"","background-media":"","overlay-type":"","overlay-color":"","overlay-opacity":"","overlay-gradient":""},"tablet":{"background-color":"var(--ast-global-color-5)","background-image":"","background-repeat":"repeat","background-position":"center center","background-size":"auto","background-attachment":"scroll","background-type":"","background-media":"","overlay-type":"","overlay-color":"","overlay-opacity":"","overlay-gradient":""},"mobile":{"background-color":"var(--ast-global-color-5)","background-image":"","background-repeat":"repeat","background-position":"center center","background-size":"auto","background-attachment":"scroll","background-type":"","background-media":"","overlay-type":"","overlay-color":"","overlay-opacity":"","overlay-gradient":""}},"footnotes":""},"class_list":["post-1318","page","type-page","status-publish","hentry"],"_links":{"self":[{"href":"https:\/\/enki-partner.com\/en\/wp-json\/wp\/v2\/pages\/1318","targetHints":{"allow":["GET"]}}],"collection":[{"href":"https:\/\/enki-partner.com\/en\/wp-json\/wp\/v2\/pages"}],"about":[{"href":"https:\/\/enki-partner.com\/en\/wp-json\/wp\/v2\/types\/page"}],"author":[{"embeddable":true,"href":"https:\/\/enki-partner.com\/en\/wp-json\/wp\/v2\/users\/1"}],"replies":[{"embeddable":true,"href":"https:\/\/enki-partner.com\/en\/wp-json\/wp\/v2\/comments?post=1318"}],"version-history":[{"count":43,"href":"https:\/\/enki-partner.com\/en\/wp-json\/wp\/v2\/pages\/1318\/revisions"}],"predecessor-version":[{"id":1374,"href":"https:\/\/enki-partner.com\/en\/wp-json\/wp\/v2\/pages\/1318\/revisions\/1374"}],"wp:attachment":[{"href":"https:\/\/enki-partner.com\/en\/wp-json\/wp\/v2\/media?parent=1318"}],"curies":[{"name":"wp","href":"https:\/\/api.w.org\/{rel}","templated":true}]}}